{"id":80,"date":"2018-05-08T16:48:41","date_gmt":"2018-05-08T14:48:41","guid":{"rendered":"http:\/\/laemmle.org\/laeWP\/?page_id=80"},"modified":"2022-01-08T11:16:26","modified_gmt":"2022-01-08T10:16:26","slug":"startseite","status":"publish","type":"page","link":"https:\/\/laemmle.org\/laeWP\/","title":{"rendered":"Startseite"},"content":{"rendered":"<p><strong>Dieses ist die Portalseite der L\u00e4mmle&#8217;s aus Hamburg:<\/strong><\/p>\n<p><strong>Birte L\u00e4mmle -&gt; Birte<\/strong><br \/>\n<strong> Eva L\u00e4mmle \u00a0\u00a0 -&gt; Ideenschmiede<\/strong><br \/>\n<strong> Dr.Knud L\u00e4mmle<\/strong><br \/>\n<strong> Wolfgang L\u00e4mmle -&gt; SICO<br \/>\n&#8220;\u00a0\u00a0\u00a0\u00a0\u00a0\u00a0\u00a0\u00a0\u00a0\u00a0\u00a0\u00a0\u00a0\u00a0\u00a0\u00a0\u00a0\u00a0\u00a0\u00a0 &#8220; \u00a0\u00a0\u00a0\u00a0\u00a0\u00a0\u00a0\u00a0\u00a0\u00a0\u00a0\u00a0\u00a0\u00a0\u00a0 -&gt; Anna-Mathilde<br \/>\n<\/strong><\/p>\n","protected":false},"excerpt":{"rendered":"<p>Dieses ist die Portalseite der L\u00e4mmle&#8217;s aus Hamburg: Birte L\u00e4mmle -&gt; Birte Eva L\u00e4mmle \u00a0\u00a0 -&gt; Ideenschmiede Dr.Knud L\u00e4mmle Wolfgang L\u00e4mmle -&gt; SICO &#8220;\u00a0\u00a0\u00a0\u00a0\u00a0\u00a0\u00a0\u00a0\u00a0\u00a0\u00a0\u00a0\u00a0\u00a0\u00a0\u00a0\u00a0\u00a0\u00a0\u00a0 &#8220; \u00a0\u00a0\u00a0\u00a0\u00a0\u00a0\u00a0\u00a0\u00a0\u00a0\u00a0\u00a0\u00a0\u00a0\u00a0 -&gt; Anna-Mathilde<\/p>\n","protected":false},"author":1,"featured_media":0,"parent":0,"menu_order":0,"comment_status":"closed","ping_status":"closed","template":"","meta":{"footnotes":""},"_links":{"self":[{"href":"https:\/\/laemmle.org\/laeWP\/wp-json\/wp\/v2\/pages\/80"}],"collection":[{"href":"https:\/\/laemmle.org\/laeWP\/wp-json\/wp\/v2\/pages"}],"about":[{"href":"https:\/\/laemmle.org\/laeWP\/wp-json\/wp\/v2\/types\/page"}],"author":[{"embeddable":true,"href":"https:\/\/laemmle.org\/laeWP\/wp-json\/wp\/v2\/users\/1"}],"replies":[{"embeddable":true,"href":"https:\/\/laemmle.org\/laeWP\/wp-json\/wp\/v2\/comments?post=80"}],"version-history":[{"count":10,"href":"https:\/\/laemmle.org\/laeWP\/wp-json\/wp\/v2\/pages\/80\/revisions"}],"predecessor-version":[{"id":323,"href":"https:\/\/laemmle.org\/laeWP\/wp-json\/wp\/v2\/pages\/80\/revisions\/323"}],"wp:attachment":[{"href":"https:\/\/laemmle.org\/laeWP\/wp-json\/wp\/v2\/media?parent=80"}],"curies":[{"name":"wp","href":"https:\/\/api.w.org\/{rel}","templated":true}]}}